{"id":2147,"date":"2023-10-12T20:58:51","date_gmt":"2023-10-13T03:58:51","guid":{"rendered":"https:\/\/weare-creastudio.com\/?page_id=2147"},"modified":"2026-02-23T19:16:50","modified_gmt":"2026-02-24T03:16:50","slug":"nuestros-servicios","status":"publish","type":"page","link":"https:\/\/weare-creastudio.com\/?page_id=2147","title":{"rendered":"Nuestros Servicios"},"content":{"rendered":"\t\t<div data-elementor-type=\"wp-page\" data-elementor-id=\"2147\" class=\"elementor elementor-2147\" data-elementor-post-type=\"page\">\n\t\t\t\t\t\t<section class=\"elementor-section elementor-top-section elementor-element elementor-element-3ea95176 elementor-section-height-min-height elementor-section-boxed elementor-section-height-default elementor-section-items-middle elementor-invisible\" data-id=\"3ea95176\" data-element_type=\"section\" data-e-type=\"section\" data-settings=\"{&quot;background_background&quot;:&quot;gradient&quot;,&quot;animation&quot;:&quot;fadeIn&quot;}\">\n\t\t\t\t\t\t\t<div class=\"elementor-background-overlay\"><\/div>\n\t\t\t\t\t\t\t<div class=\"elementor-container elementor-column-gap-no\">\n\t\t\t\t\t<div class=\"elementor-column elementor-col-100 elementor-top-column elementor-element elementor-element-6b202806\" data-id=\"6b202806\" data-element_type=\"column\" data-e-type=\"column\">\n\t\t\t<div class=\"elementor-widget-wrap elementor-element-populated\">\n\t\t\t\t\t\t<div class=\"elementor-element elementor-element-7ae0711 elementor-widget elementor-widget-heading\" data-id=\"7ae0711\" data-element_type=\"widget\" data-e-type=\"widget\" data-widget_type=\"heading.default\">\n\t\t\t\t\t<h1 class=\"elementor-heading-title elementor-size-default\">Nuestros servicios<\/h1>\t\t\t\t<\/div>\n\t\t\t\t<div class=\"elementor-element elementor-element-81ccf42 elementor-widget elementor-widget-text-editor\" data-id=\"81ccf42\" data-element_type=\"widget\" data-e-type=\"widget\" data-widget_type=\"text-editor.default\">\n\t\t\t\t\t\t\t\t\t<p>Conoce alguno de los servicios que ofrecemos como Agencia de marketing y publicidad en Tijuana B.C.<\/p>\t\t\t\t\t\t\t\t<\/div>\n\t\t\t\t\t<\/div>\n\t\t<\/div>\n\t\t\t\t\t<\/div>\n\t\t<\/section>\n\t\t\t\t<section class=\"elementor-section elementor-top-section elementor-element elementor-element-580e5300 elementor-section-boxed elementor-section-height-default elementor-section-height-default\" data-id=\"580e5300\" data-element_type=\"section\" data-e-type=\"section\" data-settings=\"{&quot;background_background&quot;:&quot;classic&quot;}\">\n\t\t\t\t\t\t<div class=\"elementor-container elementor-column-gap-default\">\n\t\t\t\t\t<div class=\"elementor-column elementor-col-100 elementor-top-column elementor-element elementor-element-5000185c\" data-id=\"5000185c\" data-element_type=\"column\" data-e-type=\"column\" data-settings=\"{&quot;background_background&quot;:&quot;gradient&quot;}\">\n\t\t\t<div class=\"elementor-widget-wrap elementor-element-populated\">\n\t\t\t\t\t\t<section class=\"elementor-section elementor-inner-section elementor-element elementor-element-75d0b66f elementor-section-content-middle elementor-section-boxed elementor-section-height-default elementor-section-height-default\" data-id=\"75d0b66f\" data-element_type=\"section\" data-e-type=\"section\" data-settings=\"{&quot;background_background&quot;:&quot;classic&quot;}\">\n\t\t\t\t\t\t<div class=\"elementor-container elementor-column-gap-default\">\n\t\t\t\t\t<div class=\"elementor-column elementor-col-100 elementor-inner-column elementor-element elementor-element-7120b395\" data-id=\"7120b395\" data-element_type=\"column\" data-e-type=\"column\">\n\t\t\t<div class=\"elementor-widget-wrap elementor-element-populated\">\n\t\t\t\t\t\t<div class=\"elementor-element elementor-element-5e0d4dc3 elementor-widget elementor-widget-heading\" data-id=\"5e0d4dc3\" data-element_type=\"widget\" data-e-type=\"widget\" data-widget_type=\"heading.default\">\n\t\t\t\t\t<h2 class=\"elementor-heading-title elementor-size-default\">Manejo de redes sociales<\/h2>\t\t\t\t<\/div>\n\t\t\t\t<div class=\"elementor-element elementor-element-633f57ae elementor-widget elementor-widget-text-editor\" data-id=\"633f57ae\" data-element_type=\"widget\" data-e-type=\"widget\" data-widget_type=\"text-editor.default\">\n\t\t\t\t\t\t\t\t\t<p><span style=\"font-weight: 400;\">Quiz\u00e1s te has preguntado <\/span><b>\u00bfPara qu\u00e9 sirven las redes sociales?<\/b><span style=\"font-weight: 400;\"> En s\u00ed, las RRSS han demostrado ser una herramienta invaluable para las marcas en la era digital. Sirven como un canal de comunicaci\u00f3n directa y efectiva con su audiencia, permiti\u00e9ndoles construir y fortalecer relaciones s\u00f3lidas. Algunos<\/span><b> tipos de redes sociales <\/b><span style=\"font-weight: 400;\">son:\u00a0<\/span><span style=\"font-weight: 400;\">Facebook,\u00a0<\/span><span style=\"font-weight: 400;\">Instagram,\u00a0<\/span><span style=\"font-weight: 400;\">Twitter,\u00a0<\/span><span style=\"font-weight: 400;\">LinkedIn,\u00a0<\/span><span style=\"font-weight: 400;\">TikTok o<\/span><span style=\"font-weight: 400;\">\u00a0alguna otra <\/span><b>nueva red social.<\/b><\/p><p><b><span style=\"font-weight: 400;\">El <\/span>mal uso de las redes sociales<span style=\"font-weight: 400;\"> en general, puede tener consecuencias negativas. Algunas empresas recurren a pr\u00e1cticas poco \u00e9ticas, como la creaci\u00f3n de perfiles falsos para elogiar sus productos o difamar a la competencia, lo que disminuye la confianza de los clientes y puede hasta disminuir ventas.<\/span><\/b><\/p>\t\t\t\t\t\t\t\t<\/div>\n\t\t\t\t\t<\/div>\n\t\t<\/div>\n\t\t\t\t\t<\/div>\n\t\t<\/section>\n\t\t\t\t<section class=\"elementor-section elementor-inner-section elementor-element elementor-element-76ed5cd elementor-section-content-middle elementor-section-boxed elementor-section-height-default elementor-section-height-default\" data-id=\"76ed5cd\" data-element_type=\"section\" data-e-type=\"section\">\n\t\t\t\t\t\t<div class=\"elementor-container elementor-column-gap-default\">\n\t\t\t\t\t<div class=\"elementor-column elementor-col-100 elementor-inner-column elementor-element elementor-element-cc33858\" data-id=\"cc33858\" data-element_type=\"column\" data-e-type=\"column\">\n\t\t\t<div class=\"elementor-widget-wrap elementor-element-populated\">\n\t\t\t\t\t\t<div class=\"elementor-element elementor-element-c2619f3 elementor-widget elementor-widget-heading\" data-id=\"c2619f3\" data-element_type=\"widget\" data-e-type=\"widget\" data-widget_type=\"heading.default\">\n\t\t\t\t\t<h2 class=\"elementor-heading-title elementor-size-default\">P\u00e1gina web<\/h2>\t\t\t\t<\/div>\n\t\t\t\t<div class=\"elementor-element elementor-element-b7678f4 elementor-widget elementor-widget-text-editor\" data-id=\"b7678f4\" data-element_type=\"widget\" data-e-type=\"widget\" data-widget_type=\"text-editor.default\">\n\t\t\t\t\t\t\t\t\t<p><span style=\"font-weight: 400;\">Tener una p\u00e1gina web se ha convertido en una necesidad fundamental para cualquier empresa. A continuaci\u00f3n conoce los beneficios y <\/span><b>caracter\u00edsticas de una p\u00e1gina web:<\/b><\/p><ul><li style=\"font-weight: 400;\" aria-level=\"2\"><span style=\"font-weight: 400;\">Una p\u00e1gina web proporciona visibilidad global, permitiendo que su informaci\u00f3n est\u00e9 disponible las 24 horas del d\u00eda, los 7 d\u00edas de la semana, y los 365 d\u00edas del a\u00f1o.<\/span><\/li><li style=\"font-weight: 400;\" aria-level=\"2\"><span style=\"font-weight: 400;\">Es una herramienta donde se puede tener una <\/span><b>plataforma ecommerce<\/b><span style=\"font-weight: 400;\">,\u00a0 en la cual se venden productos y servicios de una manera pr\u00e1ctica.\u00a0<\/span><\/li><li style=\"font-weight: 400;\" aria-level=\"2\"><span style=\"font-weight: 400;\">Es un espacio donde puede compartir informaci\u00f3n relevante, blogs, noticias y actualizaciones, estableciendo autoridad en su sector.\u00a0<\/span><\/li><\/ul><p><span style=\"font-weight: 400;\">La clave para un posicionamiento en la era digital, es tener <\/span><b>estructura b\u00e1sica de una p\u00e1gina web <\/b><span style=\"font-weight: 400;\">para establecer una presencia s\u00f3lida, tener autoridad en su nicho de mercado y brindar una experiencia completa a los usuarios.<\/span><\/p>\t\t\t\t\t\t\t\t<\/div>\n\t\t\t\t\t<\/div>\n\t\t<\/div>\n\t\t\t\t\t<\/div>\n\t\t<\/section>\n\t\t\t\t<section class=\"elementor-section elementor-inner-section elementor-element elementor-element-7f885b7 elementor-section-content-middle elementor-section-boxed elementor-section-height-default elementor-section-height-default\" data-id=\"7f885b7\" data-element_type=\"section\" data-e-type=\"section\">\n\t\t\t\t\t\t<div class=\"elementor-container elementor-column-gap-default\">\n\t\t\t\t\t<div class=\"elementor-column elementor-col-100 elementor-inner-column elementor-element elementor-element-9ec995b\" data-id=\"9ec995b\" data-element_type=\"column\" data-e-type=\"column\">\n\t\t\t<div class=\"elementor-widget-wrap elementor-element-populated\">\n\t\t\t\t\t\t<div class=\"elementor-element elementor-element-6496ac0 elementor-widget elementor-widget-heading\" data-id=\"6496ac0\" data-element_type=\"widget\" data-e-type=\"widget\" data-widget_type=\"heading.default\">\n\t\t\t\t\t<h2 class=\"elementor-heading-title elementor-size-default\">Manual de identidad visual<\/h2>\t\t\t\t<\/div>\n\t\t\t\t<div class=\"elementor-element elementor-element-a21285d elementor-widget elementor-widget-text-editor\" data-id=\"a21285d\" data-element_type=\"widget\" data-e-type=\"widget\" data-widget_type=\"text-editor.default\">\n\t\t\t\t\t\t\t\t\t<p><span style=\"font-weight: 400;\">Un manual de <\/span><b>identidad visual<\/b><span style=\"font-weight: 400;\"> es una herramienta fundamental para las empresas, ya que establece pautas claras y coherentes para la gesti\u00f3n y la representaci\u00f3n de su identidad corporativa. <\/span><\/p><p><span style=\"font-weight: 400;\">En pocas palabras, el manual de<\/span><b> identidad visual <\/b><span style=\"font-weight: 400;\">es un paso de un proceso de <\/span><b>creaci\u00f3n de marca<\/b><span style=\"font-weight: 400;\"> que proporciona una gu\u00eda espec\u00edfica ayudando a los departamentos de marketing a mantener una coherencia visual y una voz de marca propia.<\/span><\/p>\t\t\t\t\t\t\t\t<\/div>\n\t\t\t\t\t<\/div>\n\t\t<\/div>\n\t\t\t\t\t<\/div>\n\t\t<\/section>\n\t\t\t\t<section class=\"elementor-section elementor-inner-section elementor-element elementor-element-d760f12 elementor-section-content-middle elementor-section-boxed elementor-section-height-default elementor-section-height-default\" data-id=\"d760f12\" data-element_type=\"section\" data-e-type=\"section\">\n\t\t\t\t\t\t<div class=\"elementor-container elementor-column-gap-default\">\n\t\t\t\t\t<div class=\"elementor-column elementor-col-100 elementor-inner-column elementor-element elementor-element-1292acc\" data-id=\"1292acc\" data-element_type=\"column\" data-e-type=\"column\">\n\t\t\t<div class=\"elementor-widget-wrap elementor-element-populated\">\n\t\t\t\t\t\t<div class=\"elementor-element elementor-element-a0b33e1 elementor-widget elementor-widget-heading\" data-id=\"a0b33e1\" data-element_type=\"widget\" data-e-type=\"widget\" data-widget_type=\"heading.default\">\n\t\t\t\t\t<h2 class=\"elementor-heading-title elementor-size-default\">Capacitaciones de mercadotecnia<\/h2>\t\t\t\t<\/div>\n\t\t\t\t<div class=\"elementor-element elementor-element-e9f7859 elementor-widget elementor-widget-text-editor\" data-id=\"e9f7859\" data-element_type=\"widget\" data-e-type=\"widget\" data-widget_type=\"text-editor.default\">\n\t\t\t\t\t\t\t\t\t<p><span style=\"font-weight: 400;\">Quiz\u00e1s te has preguntado <\/span><b>\u00bfPara qu\u00e9 sirven las redes sociales?<\/b><span style=\"font-weight: 400;\"> En s\u00ed, las RRSS han demostrado ser una herramienta invaluable para las marcas en la era digital. Sirven como un canal de comunicaci\u00f3n directa y efectiva con su audiencia, permiti\u00e9ndoles construir y fortalecer relaciones s\u00f3lidas. Algunos<\/span><b> tipos de redes sociales <\/b><span style=\"font-weight: 400;\">son:\u00a0<\/span><span style=\"font-weight: 400;\">Facebook,\u00a0<\/span><span style=\"font-weight: 400;\">Instagram,\u00a0<\/span><span style=\"font-weight: 400;\">Twitter,\u00a0<\/span><span style=\"font-weight: 400;\">LinkedIn,\u00a0<\/span><span style=\"font-weight: 400;\">TikTok o<\/span><span style=\"font-weight: 400;\">\u00a0alguna otra <\/span><b>nueva red social.<\/b><\/p><p><b><span style=\"font-weight: 400;\">El <\/span>mal uso de las redes sociales<span style=\"font-weight: 400;\"> en general, puede tener consecuencias negativas. Algunas empresas recurren a pr\u00e1cticas poco \u00e9ticas, como la creaci\u00f3n de perfiles falsos para elogiar sus productos o difamar a la competencia, lo que disminuye la confianza de los clientes y puede hasta disminuir ventas.<\/span><\/b><\/p>\t\t\t\t\t\t\t\t<\/div>\n\t\t\t\t\t<\/div>\n\t\t<\/div>\n\t\t\t\t\t<\/div>\n\t\t<\/section>\n\t\t\t\t<section class=\"elementor-section elementor-inner-section elementor-element elementor-element-edfa5bf elementor-section-content-middle elementor-section-boxed elementor-section-height-default elementor-section-height-default\" data-id=\"edfa5bf\" data-element_type=\"section\" data-e-type=\"section\">\n\t\t\t\t\t\t<div class=\"elementor-container elementor-column-gap-default\">\n\t\t\t\t\t<div class=\"elementor-column elementor-col-100 elementor-inner-column elementor-element elementor-element-3010fc4\" data-id=\"3010fc4\" data-element_type=\"column\" data-e-type=\"column\">\n\t\t\t<div class=\"elementor-widget-wrap elementor-element-populated\">\n\t\t\t\t\t\t<div class=\"elementor-element elementor-element-147008c elementor-widget elementor-widget-heading\" data-id=\"147008c\" data-element_type=\"widget\" data-e-type=\"widget\" data-widget_type=\"heading.default\">\n\t\t\t\t\t<h2 class=\"elementor-heading-title elementor-size-default\">Optimizaci\u00f3n SEO<\/h2>\t\t\t\t<\/div>\n\t\t\t\t<div class=\"elementor-element elementor-element-65bdc60 elementor-widget elementor-widget-text-editor\" data-id=\"65bdc60\" data-element_type=\"widget\" data-e-type=\"widget\" data-widget_type=\"text-editor.default\">\n\t\t\t\t\t\t\t\t\t<p><span style=\"font-weight: 400;\">El SEO, o \u00abSearch Engine Optimization\u00bb en ingl\u00e9s, es un conjunto de t\u00e9cnicas y estrategias dise\u00f1adas para mejorar la visibilidad y el posicionamiento de un sitio web. Su objetivo principal es aumentar el tr\u00e1fico org\u00e1nico, es decir, las visitas no pagadas que un sitio web recibe desde los motores de b\u00fasqueda de Google, Bing, Yahoo, entre otros.<br \/>El SEO es una estrategia fundamental para aumentar la visibilidad en l\u00ednea y atraer tr\u00e1fico de alta calidad. Al implementar pr\u00e1cticas de SEO efectivas las empresas y sitios web pueden mejorar su presencia en los motores de b\u00fasqueda y competir de manera m\u00e1s efectiva en el entorno digital.<\/span><\/p>\t\t\t\t\t\t\t\t<\/div>\n\t\t\t\t\t<\/div>\n\t\t<\/div>\n\t\t\t\t\t<\/div>\n\t\t<\/section>\n\t\t\t\t<section class=\"elementor-section elementor-inner-section elementor-element elementor-element-e120431 elementor-section-content-middle elementor-section-boxed elementor-section-height-default elementor-section-height-default\" data-id=\"e120431\" data-element_type=\"section\" data-e-type=\"section\">\n\t\t\t\t\t\t<div class=\"elementor-container elementor-column-gap-default\">\n\t\t\t\t\t<div class=\"elementor-column elementor-col-100 elementor-inner-column elementor-element elementor-element-b80577f\" data-id=\"b80577f\" data-element_type=\"column\" data-e-type=\"column\">\n\t\t\t<div class=\"elementor-widget-wrap elementor-element-populated\">\n\t\t\t\t\t\t<div class=\"elementor-element elementor-element-d8c9cd0 elementor-widget elementor-widget-heading\" data-id=\"d8c9cd0\" data-element_type=\"widget\" data-e-type=\"widget\" data-widget_type=\"heading.default\">\n\t\t\t\t\t<h2 class=\"elementor-heading-title elementor-size-default\">Sesiones fotogr\u00e1ficas<\/h2>\t\t\t\t<\/div>\n\t\t\t\t<div class=\"elementor-element elementor-element-2f9ecd1 elementor-widget elementor-widget-text-editor\" data-id=\"2f9ecd1\" data-element_type=\"widget\" data-e-type=\"widget\" data-widget_type=\"text-editor.default\">\n\t\t\t\t\t\t\t\t\t<p><span style=\"font-weight: 400;\">Las sesiones fotogr\u00e1ficas son una forma de visualizar momentos especiales y crear recuerdos que perdurar\u00e1n para siempre. Estas sesiones involucran a un fot\u00f3grafo profesional que utiliza su experiencia y habilidades para capturar im\u00e1genes que transmiten emociones, belleza y significado. En el caso de las redes sociales, la <\/span><b>sesi\u00f3n de fotos<\/b><span style=\"font-weight: 400;\"> es una herramienta esencial en el marketing digital. <\/span><\/p>\t\t\t\t\t\t\t\t<\/div>\n\t\t\t\t\t<\/div>\n\t\t<\/div>\n\t\t\t\t\t<\/div>\n\t\t<\/section>\n\t\t\t\t<section class=\"elementor-section elementor-inner-section elementor-element elementor-element-0fe0c7b elementor-section-content-middle elementor-section-boxed elementor-section-height-default elementor-section-height-default\" data-id=\"0fe0c7b\" data-element_type=\"section\" data-e-type=\"section\">\n\t\t\t\t\t\t<div class=\"elementor-container elementor-column-gap-default\">\n\t\t\t\t\t<div class=\"elementor-column elementor-col-100 elementor-inner-column elementor-element elementor-element-b76e6bc\" data-id=\"b76e6bc\" data-element_type=\"column\" data-e-type=\"column\">\n\t\t\t<div class=\"elementor-widget-wrap elementor-element-populated\">\n\t\t\t\t\t\t<div class=\"elementor-element elementor-element-fda2e4d elementor-widget elementor-widget-heading\" data-id=\"fda2e4d\" data-element_type=\"widget\" data-e-type=\"widget\" data-widget_type=\"heading.default\">\n\t\t\t\t\t<h2 class=\"elementor-heading-title elementor-size-default\">Influencer marketing<\/h2>\t\t\t\t<\/div>\n\t\t\t\t<div class=\"elementor-element elementor-element-230c4a9 elementor-widget elementor-widget-text-editor\" data-id=\"230c4a9\" data-element_type=\"widget\" data-e-type=\"widget\" data-widget_type=\"text-editor.default\">\n\t\t\t\t\t\t\t\t\t<p><span style=\"font-weight: 400;\">El <\/span><b>Marketing de influencers<\/b><span style=\"font-weight: 400;\"> es una estrategia de promoci\u00f3n que se basa en colaborar con influencers en las redes sociales para promover productos o servicios. Estos influencers tienen una audiencia dedicada seg\u00fan su estilo de vida,\u00a0 haciendo que las personas conf\u00eden en sus recomendaciones y as\u00ed se cumplan los objetivos de las marcas (mayores ventas, visibilidad, incremento de impresiones, etc).<\/span><\/p>\t\t\t\t\t\t\t\t<\/div>\n\t\t\t\t\t<\/div>\n\t\t<\/div>\n\t\t\t\t\t<\/div>\n\t\t<\/section>\n\t\t\t\t\t<\/div>\n\t\t<\/div>\n\t\t\t\t\t<\/div>\n\t\t<\/section>\n\t\t\t\t<section class=\"elementor-section elementor-top-section elementor-element elementor-element-bdfbc2b elementor-section-boxed elementor-section-height-default elementor-section-height-default\" data-id=\"bdfbc2b\" data-element_type=\"section\" data-e-type=\"section\" data-settings=\"{&quot;background_background&quot;:&quot;classic&quot;}\">\n\t\t\t\t\t\t<div class=\"elementor-container elementor-column-gap-default\">\n\t\t\t\t\t<div class=\"elementor-column elementor-col-100 elementor-top-column elementor-element elementor-element-9245243\" data-id=\"9245243\" data-element_type=\"column\" data-e-type=\"column\" data-settings=\"{&quot;background_background&quot;:&quot;classic&quot;}\">\n\t\t\t<div class=\"elementor-widget-wrap elementor-element-populated\">\n\t\t\t\t\t\t<section class=\"elementor-section elementor-inner-section elementor-element elementor-element-122a594 elementor-section-content-middle elementor-section-boxed elementor-section-height-default elementor-section-height-default\" data-id=\"122a594\" data-element_type=\"section\" data-e-type=\"section\">\n\t\t\t\t\t\t<div class=\"elementor-container elementor-column-gap-default\">\n\t\t\t\t\t<div class=\"elementor-column elementor-col-50 elementor-inner-column elementor-element elementor-element-4937787\" data-id=\"4937787\" data-element_type=\"column\" data-e-type=\"column\">\n\t\t\t<div class=\"elementor-widget-wrap elementor-element-populated\">\n\t\t\t\t\t\t<div class=\"elementor-element elementor-element-7bab0c5 elementor-widget elementor-widget-heading\" data-id=\"7bab0c5\" data-element_type=\"widget\" data-e-type=\"widget\" data-widget_type=\"heading.default\">\n\t\t\t\t\t<h2 class=\"elementor-heading-title elementor-size-default\">\u00bfTe gustar\u00eda recibir informaci\u00f3n personalizada?\u200b<\/h2>\t\t\t\t<\/div>\n\t\t\t\t<div class=\"elementor-element elementor-element-0824566 elementor-widget elementor-widget-text-editor\" data-id=\"0824566\" data-element_type=\"widget\" data-e-type=\"widget\" data-widget_type=\"text-editor.default\">\n\t\t\t\t\t\t\t\t\t<p><span style=\"font-weight: 400;\">Si apenas est\u00e1s empezando o eres emprendedor \u00a1Cont\u00e1ctanos!<br \/><\/span><span style=\"font-weight: 400;\">Estamos listos para llevar a tu empresa al siguiente nivel.<\/span><\/p>\t\t\t\t\t\t\t\t<\/div>\n\t\t\t\t\t<\/div>\n\t\t<\/div>\n\t\t\t\t<div class=\"elementor-column elementor-col-50 elementor-inner-column elementor-element elementor-element-4769126\" data-id=\"4769126\" data-element_type=\"column\" data-e-type=\"column\">\n\t\t\t<div class=\"elementor-widget-wrap elementor-element-populated\">\n\t\t\t\t\t\t<div class=\"elementor-element elementor-element-221d8e2 elementor-tablet-align-center elementor-mobile-align-center elementor-widget elementor-widget-button\" data-id=\"221d8e2\" data-element_type=\"widget\" data-e-type=\"widget\" data-widget_type=\"button.default\">\n\t\t\t\t\t\t\t\t\t\t<a class=\"elementor-button elementor-button-link elementor-size-sm\" href=\"https:\/\/www.instagram.com\/weare.creastudio\/\" target=\"_blank\" rel=\"noopener\">\n\t\t\t\t\t\t<span class=\"elementor-button-content-wrapper\">\n\t\t\t\t\t\t\t\t\t<span class=\"elementor-button-text\">\u00a1Env\u00edanos mensaje!<\/span>\n\t\t\t\t\t<\/span>\n\t\t\t\t\t<\/a>\n\t\t\t\t\t\t\t\t<\/div>\n\t\t\t\t\t<\/div>\n\t\t<\/div>\n\t\t\t\t\t<\/div>\n\t\t<\/section>\n\t\t\t\t\t<\/div>\n\t\t<\/div>\n\t\t\t\t\t<\/div>\n\t\t<\/section>\n\t\t\t\t<\/div>\n\t\t","protected":false},"excerpt":{"rendered":"<p>Nuestros servicios Conoce alguno de los servicios que ofrecemos como Agencia de marketing y publicidad en Tijuana B.C. Manejo de redes sociales Quiz\u00e1s te has preguntado \u00bfPara qu\u00e9 sirven las redes sociales? En s\u00ed, las RRSS han demostrado ser una herramienta invaluable para las marcas en la era digital. Sirven como un canal de comunicaci\u00f3n [&hellip;]<\/p>\n","protected":false},"author":231917644,"featured_media":2786,"parent":0,"menu_order":0,"comment_status":"closed","ping_status":"closed","template":"","meta":{"_crdt_document":"","site-sidebar-layout":"no-sidebar","site-content-layout":"page-builder","ast-site-content-layout":"default","site-content-style":"default","site-sidebar-style":"default","ast-global-header-display":"","ast-banner-title-visibility":"","ast-main-header-display":"","ast-hfb-above-header-display":"","ast-hfb-below-header-display":"","ast-hfb-mobile-header-display":"","site-post-title":"disabled","ast-breadcrumbs-content":"","ast-featured-img":"disabled","footer-sml-layout":"","ast-disable-related-posts":"","theme-transparent-header-meta":"","adv-header-id-meta":"","stick-header-meta":"","header-above-stick-meta":"","header-main-stick-meta":"","header-below-stick-meta":"","astra-migrate-meta-layouts":"default","ast-page-background-enabled":"default","ast-page-background-meta":{"desktop":{"background-color":"","background-image":"","background-repeat":"repeat","background-position":"center center","background-size":"auto","background-attachment":"scroll","background-type":"","background-media":"","overlay-type":"","overlay-color":"","overlay-opacity":"","overlay-gradient":""},"tablet":{"background-color":"","background-image":"","background-repeat":"repeat","background-position":"center center","background-size":"auto","background-attachment":"scroll","background-type":"","background-media":"","overlay-type":"","overlay-color":"","overlay-opacity":"","overlay-gradient":""},"mobile":{"background-color":"","background-image":"","background-repeat":"repeat","background-position":"center center","background-size":"auto","background-attachment":"scroll","background-type":"","background-media":"","overlay-type":"","overlay-color":"","overlay-opacity":"","overlay-gradient":""}},"ast-content-background-meta":{"desktop":{"background-color":"var(--ast-global-color-5)","background-image":"","background-repeat":"repeat","background-position":"center center","background-size":"auto","background-attachment":"scroll","background-type":"","background-media":"","overlay-type":"","overlay-color":"","overlay-opacity":"","overlay-gradient":""},"tablet":{"background-color":"var(--ast-global-color-5)","background-image":"","background-repeat":"repeat","background-position":"center center","background-size":"auto","background-attachment":"scroll","background-type":"","background-media":"","overlay-type":"","overlay-color":"","overlay-opacity":"","overlay-gradient":""},"mobile":{"background-color":"var(--ast-global-color-5)","background-image":"","background-repeat":"repeat","background-position":"center center","background-size":"auto","background-attachment":"scroll","background-type":"","background-media":"","overlay-type":"","overlay-color":"","overlay-opacity":"","overlay-gradient":""}},"footnotes":""},"class_list":["post-2147","page","type-page","status-publish","has-post-thumbnail","hentry"],"_links":{"self":[{"href":"https:\/\/weare-creastudio.com\/index.php?rest_route=\/wp\/v2\/pages\/2147","targetHints":{"allow":["GET"]}}],"collection":[{"href":"https:\/\/weare-creastudio.com\/index.php?rest_route=\/wp\/v2\/pages"}],"about":[{"href":"https:\/\/weare-creastudio.com\/index.php?rest_route=\/wp\/v2\/types\/page"}],"author":[{"embeddable":true,"href":"https:\/\/weare-creastudio.com\/index.php?rest_route=\/wp\/v2\/users\/231917644"}],"replies":[{"embeddable":true,"href":"https:\/\/weare-creastudio.com\/index.php?rest_route=%2Fwp%2Fv2%2Fcomments&post=2147"}],"version-history":[{"count":154,"href":"https:\/\/weare-creastudio.com\/index.php?rest_route=\/wp\/v2\/pages\/2147\/revisions"}],"predecessor-version":[{"id":4313,"href":"https:\/\/weare-creastudio.com\/index.php?rest_route=\/wp\/v2\/pages\/2147\/revisions\/4313"}],"wp:featuredmedia":[{"embeddable":true,"href":"https:\/\/weare-creastudio.com\/index.php?rest_route=\/wp\/v2\/media\/2786"}],"wp:attachment":[{"href":"https:\/\/weare-creastudio.com\/index.php?rest_route=%2Fwp%2Fv2%2Fmedia&parent=2147"}],"curies":[{"name":"wp","href":"https:\/\/api.w.org\/{rel}","templated":true}]}}